

{"id":1602,"date":"2013-06-19T12:40:50","date_gmt":"2013-06-19T10:40:50","guid":{"rendered":"http:\/\/www.josemarg.com\/wp\/?page_id=1602"},"modified":"2016-04-18T22:29:03","modified_gmt":"2016-04-18T20:29:03","slug":"mis-escritos","status":"publish","type":"page","link":"https:\/\/josemarg.com\/wp\/?page_id=1602","title":{"rendered":"Mis Escritos"},"content":{"rendered":"<p><strong><em>Esperanza frente a la sombra<\/em><\/strong> es un libro donde se recopilan poemas, prosas po\u00e9ticas, cuentos y pensamientos, que suelen aparecer en este blog.<\/p>\n<p><center><a href=\"http:\/\/www.flickr.com\/photos\/josema\/11547735303\/\" title=\"Mi libro: Esperanza frente a la sombra por Jos\u00e9 Manuel_, en Flickr\"><img loading=\"lazy\" decoding=\"async\" src=\"http:\/\/farm3.staticflickr.com\/2863\/11547735303_85462ab9aa.jpg\" width=\"500\" height=\"375\" alt=\"Mi libro: Esperanza frente a la sombra\"\/><\/a><\/center><\/p>\n<p>No lo hago con \u00e1nimo de lucro, ni busco fama. Lo que pretendo hacer una recopilaci\u00f3n y poder tener un detalle con amigos\/as m\u00edos, a los que se lo estoy regalando.<\/p>\n<p>Si lo deseas, puedes acceder y comprar el libro en formato papel, en la siguiente direcci\u00f3n de lulu.com:<\/p>\n<p><strong>ESPERANZA FRENTE A LA SOMBRA (formato papel)<\/strong>: <a href=\"http:\/\/www.lulu.com\/spotlight\/josemarg\" title=\"Mi tienda de libros\" target=\"_blank\">http:\/\/www.lulu.com\/spotlight\/josemarg <\/a><\/p>\n<p>O bien, puedes descargar dicho libro totalmente <strong>GRATIS<\/strong> en formato PDF, para leerlo en el ordenador, smartphone, tablet o lector de libros electr\u00f3nicos, en la siguiente direcci\u00f3n:<\/p>\n<p><strong>ESPERANZA FRENTE A LA SOMBRA (formato PDF)<\/strong>:<br \/>\n<a href=\"http:\/\/goo.gl\/6ZAnZL\" title=\"Mi libro en formato PDF\" target=\"_blank\">http:\/\/goo.gl\/6ZAnZL<\/a><\/p>\n<p>Cualquier comentario o sugerencia que quer\u00e1is hacer, pod\u00e9is hacerlo en esta p\u00e1gina.<\/p>\n<p>Muchas gracias por leerme \ud83d\ude42<\/p>\n<p><center>&#8212;&#8212;&#8212;&#8212;&#8212;&#8212;&#8212;&#8212;&#8212;&#8212;&#8212;&#8212;&#8212;&#8212;&#8212;&#8212;&#8212;&#8212;&#8212;&#8212;&#8212;&#8212;&#8212;&#8212;&#8212;&#8212;&#8212;&#8212;&#8212;&#8212;&#8212;&#8212;&#8212;<\/center><\/p>\n<blockquote><p><strong>Copyright<\/strong>: Este blog y mi libro, junto con todos mis escritos est\u00e1n sujetos a una Licencia <a rel=\"license\" href=\"http:\/\/creativecommons.org\/licenses\/by-nc-nd\/3.0\/deed.es_ES\">Creative Commons Reconocimiento-NoComercial-SinObraDerivada 3.0 Unported License<\/a>. Lo cual significa que cualquier persona es libre de copiar, distribuir y comunicar esta obra, con las condiciones de:<\/p>\n<p><strong><\/p>\n<ol>\n<li> Debe reconocer los cr\u00e9ditos de la obra a nombre de su autor: Jos\u00e9 Manuel Rodr\u00edguez Gonz\u00e1lez, especificando un enlace a la p\u00e1gina web donde figura la obra.<\/li>\n<li> No puede utilizar esta obra para fines comerciales.<\/li>\n<li>No se puede alterar, transformar o generar una obra derivada a partir de esta obra.<\/li>\n<\/ol>\n<p><\/strong><\/p><\/blockquote>\n<p>\n<center>&#8212;&#8212;&#8212;&#8212;&#8212;&#8212;&#8212;&#8212;&#8212;&#8212;&#8212;&#8212;&#8212;&#8212;&#8212;&#8212;&#8212;&#8212;&#8212;&#8212;&#8212;&#8212;&#8212;&#8212;&#8212;&#8212;&#8212;&#8212;&#8212;&#8212;&#8212;&#8212;&#8212;<\/center><\/p>\n","protected":false},"excerpt":{"rendered":"<p>Esperanza frente a la sombra es un libro donde se recopilan poemas, prosas po\u00e9ticas, cuentos y pensamientos, que suelen aparecer en este blog. No lo hago con \u00e1nimo de lucro, ni busco fama. Lo que pretendo hacer una recopilaci\u00f3n y &hellip; <a href=\"https:\/\/josemarg.com\/wp\/?page_id=1602\">Sigue leyendo <span class=\"meta-nav\">&rarr;<\/span><\/a><\/p>\n","protected":false},"author":2,"featured_media":0,"parent":0,"menu_order":0,"comment_status":"open","ping_status":"open","template":"","meta":{"footnotes":""},"class_list":["post-1602","page","type-page","status-publish","hentry"],"_links":{"self":[{"href":"https:\/\/josemarg.com\/wp\/index.php?rest_route=\/wp\/v2\/pages\/1602","targetHints":{"allow":["GET"]}}],"collection":[{"href":"https:\/\/josemarg.com\/wp\/index.php?rest_route=\/wp\/v2\/pages"}],"about":[{"href":"https:\/\/josemarg.com\/wp\/index.php?rest_route=\/wp\/v2\/types\/page"}],"author":[{"embeddable":true,"href":"https:\/\/josemarg.com\/wp\/index.php?rest_route=\/wp\/v2\/users\/2"}],"replies":[{"embeddable":true,"href":"https:\/\/josemarg.com\/wp\/index.php?rest_route=%2Fwp%2Fv2%2Fcomments&post=1602"}],"version-history":[{"count":60,"href":"https:\/\/josemarg.com\/wp\/index.php?rest_route=\/wp\/v2\/pages\/1602\/revisions"}],"predecessor-version":[{"id":2416,"href":"https:\/\/josemarg.com\/wp\/index.php?rest_route=\/wp\/v2\/pages\/1602\/revisions\/2416"}],"wp:attachment":[{"href":"https:\/\/josemarg.com\/wp\/index.php?rest_route=%2Fwp%2Fv2%2Fmedia&parent=1602"}],"curies":[{"name":"wp","href":"https:\/\/api.w.org\/{rel}","templated":true}]}}