

{"id":281,"date":"2005-09-03T13:09:14","date_gmt":"2005-09-03T11:09:14","guid":{"rendered":"http:\/\/josemarg.com\/wp\/?page_id=281"},"modified":"2005-09-03T13:34:12","modified_gmt":"2005-09-03T11:34:12","slug":"busquedas","status":"publish","type":"page","link":"https:\/\/josemarg.com\/wp\/?page_id=281","title":{"rendered":"B\u00fasquedas"},"content":{"rendered":"<p><\/p>\n<table>\n<tr>\n<td align=\"right\" valign=\"top\"><a target=\"_blank\" href=\"http:\/\/www.google.com\/\">Google<\/a>:<\/td>\n<td>\n<form action=\"http:\/\/www.google.com\/search\" target=\"_blank\"><input maxlength=\"256\" size=\"25\" name=\"q\" value=\"\"\/><input name=\"hl\" value=\"es\" type=\"hidden\"\/><br \/><input name=\"lr\" value=\"\" checked=\"checked\" type=\"radio\"\/>Internacional <input name=\"lr\" value=\"lang_es\" type=\"radio\"\/>Espa\u00f1ol<\/form>\n<\/td>\n<\/tr>\n<tr>\n<td align=\"right\" valign=\"top\"><a target=\"_blank\" href=\"http:\/\/images.google.com\">Google Im\u00e1genes<\/a>:<\/td>\n<td>\n<form action=\"http:\/\/images.google.com\/images\" target=\"_blank\">\n<input maxlength=\"256\" size=\"25\" name=\"q\"\/><input type=\"hidden\" name=\"ie\" value=\"UTF-8\"\/><input type=\"hidden\" name=\"oe\" value=\"UTF-8\"\/><input type=\"hidden\" name=\"hl\" value=\"es\"\/><br \/>\n<\/form>\n<\/td>\n<\/tr>\n<tr>\n<td align=\"right\" valign=\"top\"><a target=\"_blank\" href=\"http:\/\/www.google.com\/\">Google (definici\u00f3n)<\/a>:<\/td>\n<td>\n<form action=\"http:\/\/www.google.com\/search\" target=\"_blank\"><input maxlength=\"256\" size=\"25\" name=\"q\" value=\"define:\" \/><\/form>\n<\/td>\n<\/tr>\n<tr>\n<td align=\"right\" valign=\"top\"><a target=\"_blank\" href=\"http:\/\/maps.google.com\/maps?t=k&#038;hl=en\">Google Maps<\/a>:<\/td>\n<td>\n<form action=\"http:\/\/maps.google.com\/maps\" target=\"_blank\"><input maxlength=\"256\" size=\"25\" name=\"q\" value=\"\"\/><input type=\"hidden\" name=\"t\" value=\"k\"\/><\/form>\n<\/td>\n<\/tr>\n<tr>\n<td align=\"right\" valign=\"top\"><a target=\"_blank\" href=\"http:\/\/groups.google.com\/\">Google Groups<\/a>:<\/td>\n<td>\n<form name=\"gs\" method=\"get\" action=\"http:\/\/groups.google.com\/groups\" target=\"_blank\"><input name=\"hl\" value=\"es\" type=\"hidden\"\/><input name=\"lr\" value=\"\" type=\"hidden\"\/><input name=\"ie\" value=\"ISO-8859-1\" type=\"hidden\"\/><input name=\"q\" size=\"25\" maxlength=\"2048\" value=\"\" type=\"text\"\/><br \/><input name=\"meta\" value=\"group=es.*\" type=\"radio\"\/> S\u00f3lo en es.* <input name=\"meta\" value=\"\" checked=\"checked\" type=\"radio\"\/> En todos los grupos<\/form>\n<\/td>\n<\/tr>\n<tr>\n<td align=\"right\" valign=\"top\"><a target=\"_blank\" href=\"http:\/\/es.wikipedia.org\">Wikipedia<\/a>:<\/td>\n<td>\n<form class=\"inline\" method=\"get\" action=\"http:\/\/es.wikipedia.org\/w\/wiki.phtml?\" target=\"_blank\"><input name=\"search\" size=\"25\" type=\"text\"\/><\/form>\n<\/td>\n<\/tr>\n<tr>\n<td align=\"right\" valign=\"top\"><a target=\"_blank\" href=\"http:\/\/buscon.rae.es\/diccionario\/drae.htm\">DRAE<\/a>:<\/td>\n<td>\n<form action=\"http:\/\/buscon.rae.es\/draeI\/SrvltGUIBusUsual\" method=\"post\" target=\"_blank\"><input name=\"LEMA\" size=\"25\" maxlength=\"100\" align=\"center\"\/><input name=\"TIPO_HTML\" value=\"2\" type=\"hidden\"\/><\/form>\n<\/td>\n<\/tr>\n<tr>\n<td align=\"right\" valign=\"top\"><a target=\"_blank\" href=\"http:\/\/corpus.rae.es\/creanet.html\">Dicc. Referencia RAE<\/a>:<\/td>\n<td>\n<form action=\"http:\/\/corpus.rae.es\/cgi-bin\/crpsrvEx.dll?\" method=\"get\" target=\"_blank\"><input name=\"MfcISAPICommand\" value=\"buscar\" type=\"hidden\"\/><input name=\"tradQuery\" checked=\"checked\" value=\"1\" type=\"hidden\"\/><input name=\"destino\" value=\"0\" type=\"hidden\"\/><input name=\"texto\" size=\"25\" maxlength=\"100\"\/><br \/>\n<input name=\"autor\" value=\"\" type=\"hidden\"\/><input name=\"titulo\" value=\"\" type=\"hidden\"\/><input name=\"ano1\" value=\"\" type=\"hidden\"\/><input name=\"ano2\" value=\"\" type=\"hidden\"\/><input name=\"medio\" value=\"1000\" type=\"hidden\"\/><input name=\"pais\" value=\"1000\" type=\"hidden\"\/><input name=\"tema\" value=\"1000\" type=\"hidden\"\/><\/form>\n<\/td>\n<\/tr>\n<tr>\n<td align=\"right\" valign=\"top\"><a href=\"http:\/\/www.google.es\/language_tools?hl=es\">Traducir (Google)<\/a>:\n<\/td>\n<td>\n<form action=\"http:\/\/translate.google.com\/translate_t\" method=\"post\" target=\"_blank\">\n\t<select name=\"langpair\"><option value=\"en|es\" selected=\"selected\">ingl\u00e9s a espa\u00f1ol<\/option><br \/><option value=\"es|en\">espa\u00f1ol a ingl\u00e9s<\/option><br \/><option value=\"\">&#8212;&#8212;&#8212;&#8212;&#8212;-<\/option><br \/><option value=\"en|de\">ingl\u00e9s a alem\u00e1n<\/option><br \/><option value=\"en|fr\">ingl\u00e9s a franc\u00e9s<\/option><br \/><option value=\"en|it\">ingl\u00e9s a italiano<\/option><br \/><option value=\"de|en\">alem\u00e1n a ingl\u00e9s<\/option><br \/><option value=\"fr|en\">franc\u00e9s a ingl\u00e9s<\/option><br \/><option value=\"it|en\">italiano a ingl\u00e9s<\/option><br \/>\n<\/select><\/p>\n<p><textarea name=\"text\" rows=\"5\" cols=\"23\" wrap=\"PHYSICAL\"><\/textarea><input name=\"hl\" value=\"es\" type=\"hidden\"\/><input name=\"ie\" value=\"UTF-8\" type=\"hidden\"\/><input name=\"oe\" value=\"UTF-8\" type=\"hidden\"\/><br \/>\n<input value=\"Traduzca\" type=\"submit\"\/>\n<\/p>\n<\/form>\n<\/td>\n<\/tr>\n<\/table>\n<p>(Dise\u00f1ado por <a href=\"http:\/\/blog.arkangel.info\/\">Arkangel<\/a>)<\/p>\n","protected":false},"excerpt":{"rendered":"<p>Google: Internacional Espa\u00f1ol Google Im\u00e1genes: Google (definici\u00f3n): Google Maps: Google Groups: S\u00f3lo en es.* En todos los grupos Wikipedia: DRAE: Dicc. Referencia RAE: Traducir (Google): ingl\u00e9s a espa\u00f1olespa\u00f1ol a ingl\u00e9s&#8212;&#8212;&#8212;&#8212;&#8212;-ingl\u00e9s a alem\u00e1ningl\u00e9s a franc\u00e9singl\u00e9s a italianoalem\u00e1n a ingl\u00e9sfranc\u00e9s a ingl\u00e9sitaliano &hellip; <a href=\"https:\/\/josemarg.com\/wp\/?page_id=281\">Sigue leyendo <span class=\"meta-nav\">&rarr;<\/span><\/a><\/p>\n","protected":false},"author":2,"featured_media":0,"parent":0,"menu_order":0,"comment_status":"open","ping_status":"open","template":"","meta":{"footnotes":""},"class_list":["post-281","page","type-page","status-publish","hentry"],"_links":{"self":[{"href":"https:\/\/josemarg.com\/wp\/index.php?rest_route=\/wp\/v2\/pages\/281","targetHints":{"allow":["GET"]}}],"collection":[{"href":"https:\/\/josemarg.com\/wp\/index.php?rest_route=\/wp\/v2\/pages"}],"about":[{"href":"https:\/\/josemarg.com\/wp\/index.php?rest_route=\/wp\/v2\/types\/page"}],"author":[{"embeddable":true,"href":"https:\/\/josemarg.com\/wp\/index.php?rest_route=\/wp\/v2\/users\/2"}],"replies":[{"embeddable":true,"href":"https:\/\/josemarg.com\/wp\/index.php?rest_route=%2Fwp%2Fv2%2Fcomments&post=281"}],"version-history":[{"count":0,"href":"https:\/\/josemarg.com\/wp\/index.php?rest_route=\/wp\/v2\/pages\/281\/revisions"}],"wp:attachment":[{"href":"https:\/\/josemarg.com\/wp\/index.php?rest_route=%2Fwp%2Fv2%2Fmedia&parent=281"}],"curies":[{"name":"wp","href":"https:\/\/api.w.org\/{rel}","templated":true}]}}